{"id":670,"date":"2020-09-30T09:15:47","date_gmt":"2020-09-30T07:15:47","guid":{"rendered":"https:\/\/cscpouebo.ddec.nc\/?page_id=670"},"modified":"2026-03-02T05:53:58","modified_gmt":"2026-03-02T04:53:58","slug":"accueil-bonou-2","status":"publish","type":"page","link":"https:\/\/cscpouebo.ddec.nc\/index.php\/accueil-bonou-2\/","title":{"rendered":"Accueil Bonou"},"content":{"rendered":"\t\t<div data-elementor-type=\"wp-page\" data-elementor-id=\"670\" class=\"elementor elementor-670\" data-elementor-post-type=\"page\">\n\t\t\t\t\t\t<section class=\"elementor-section elementor-top-section elementor-element elementor-element-7bf0bb6e elementor-section-stretched elementor-section-full_width elementor-section-height-default elementor-section-height-default\" data-id=\"7bf0bb6e\" data-element_type=\"section\" data-e-type=\"section\" data-settings=\"{&quot;stretch_section&quot;:&quot;section-stretched&quot;}\">\n\t\t\t\t\t\t<div class=\"elementor-container elementor-column-gap-default\">\n\t\t\t\t\t<div class=\"elementor-column elementor-col-100 elementor-top-column elementor-element elementor-element-ee2542\" data-id=\"ee2542\" data-element_type=\"column\" data-e-type=\"column\">\n\t\t\t<div class=\"elementor-widget-wrap elementor-element-populated\">\n\t\t\t\t\t\t<div class=\"elementor-element elementor-element-5a35059e elementor--h-position-center elementor--v-position-middle elementor-arrows-position-inside elementor-pagination-position-inside elementor-widget elementor-widget-slides\" data-id=\"5a35059e\" data-element_type=\"widget\" data-e-type=\"widget\" data-settings=\"{&quot;transition&quot;:&quot;fade&quot;,&quot;navigation&quot;:&quot;both&quot;,&quot;autoplay&quot;:&quot;yes&quot;,&quot;autoplay_speed&quot;:5000,&quot;infinite&quot;:&quot;yes&quot;,&quot;transition_speed&quot;:500}\" data-widget_type=\"slides.default\">\n\t\t\t\t<div class=\"elementor-widget-container\">\n\t\t\t\t\t\t\t\t\t<div class=\"elementor-swiper\">\n\t\t\t\t\t<div class=\"elementor-slides-wrapper elementor-main-swiper swiper\" role=\"region\" aria-roledescription=\"carousel\" aria-label=\"Diapositives\" dir=\"ltr\" data-animation=\"zoomIn\">\n\t\t\t\t<div class=\"swiper-wrapper elementor-slides\">\n\t\t\t\t\t\t\t\t\t\t<div class=\"elementor-repeater-item-2432b7a swiper-slide\" role=\"group\" aria-roledescription=\"slide\"><div class=\"swiper-slide-bg elementor-ken-burns elementor-ken-burns--in\" role=\"img\" aria-label=\"FE68CE37-21DD-4C2C-869B-E7D15C7ABFF5\"><\/div><div class=\"elementor-background-overlay\"><\/div><div class=\"swiper-slide-inner\" ><div class=\"swiper-slide-contents\"><div class=\"elementor-slide-heading\">Bienvenue au coll\u00e8ge <br> Hippolyte Bonou<\/div><\/div><\/div><\/div>\t\t\t\t<\/div>\n\t\t\t\t\t\t\t<\/div>\n\t\t\t\t<\/div>\n\t\t\t\t\t\t\t\t<\/div>\n\t\t\t\t<\/div>\n\t\t\t\t\t<\/div>\n\t\t<\/div>\n\t\t\t\t\t<\/div>\n\t\t<\/section>\n\t\t\t\t<section class=\"elementor-section elementor-top-section elementor-element elementor-element-41636978 elementor-section-content-middle elementor-section-boxed elementor-section-height-default elementor-section-height-default\" data-id=\"41636978\" data-element_type=\"section\" data-e-type=\"section\">\n\t\t\t\t\t\t<div class=\"elementor-container elementor-column-gap-no\">\n\t\t\t\t\t<div class=\"elementor-column elementor-col-50 elementor-top-column elementor-element elementor-element-b36ee2e animated-slow elementor-invisible\" data-id=\"b36ee2e\" data-element_type=\"column\" data-e-type=\"column\" data-settings=\"{&quot;background_background&quot;:&quot;classic&quot;,&quot;animation&quot;:&quot;fadeInLeft&quot;}\">\n\t\t\t<div class=\"elementor-widget-wrap elementor-element-populated\">\n\t\t\t\t\t\t<div class=\"elementor-element elementor-element-485558c elementor-widget elementor-widget-image\" data-id=\"485558c\" data-element_type=\"widget\" data-e-type=\"widget\" data-widget_type=\"image.default\">\n\t\t\t\t<div class=\"elementor-widget-container\">\n\t\t\t\t\t\t\t\t\t\t\t\t\t\t\t<img fetchpriority=\"high\" decoding=\"async\" width=\"500\" height=\"240\" src=\"https:\/\/cscpouebo.ddec.nc\/wp-content\/uploads\/2020\/08\/college.jpg\" class=\"attachment-large size-large wp-image-276\" alt=\"\" srcset=\"https:\/\/cscpouebo.ddec.nc\/wp-content\/uploads\/2020\/08\/college.jpg 500w, https:\/\/cscpouebo.ddec.nc\/wp-content\/uploads\/2020\/08\/college-300x144.jpg 300w\" sizes=\"(max-width: 500px) 100vw, 500px\" \/>\t\t\t\t\t\t\t\t\t\t\t\t\t\t\t<\/div>\n\t\t\t\t<\/div>\n\t\t\t\t\t<\/div>\n\t\t<\/div>\n\t\t\t\t<div class=\"elementor-column elementor-col-50 elementor-top-column elementor-element elementor-element-2a007116 animated-slow elementor-invisible\" data-id=\"2a007116\" data-element_type=\"column\" data-e-type=\"column\" data-settings=\"{&quot;animation&quot;:&quot;fadeInRight&quot;}\">\n\t\t\t<div class=\"elementor-widget-wrap elementor-element-populated\">\n\t\t\t\t\t\t<div class=\"elementor-element elementor-element-34685ccf elementor-widget elementor-widget-heading\" data-id=\"34685ccf\" data-element_type=\"widget\" data-e-type=\"widget\" id=\"presentation\" data-widget_type=\"heading.default\">\n\t\t\t\t<div class=\"elementor-widget-container\">\n\t\t\t\t\t<h3 class=\"elementor-heading-title elementor-size-large\">Pr\u00e9sentation<\/h3>\t\t\t\t<\/div>\n\t\t\t\t<\/div>\n\t\t\t\t<div class=\"elementor-element elementor-element-2cd55c8c elementor-widget-divider--view-line elementor-widget elementor-widget-divider\" data-id=\"2cd55c8c\" data-element_type=\"widget\" data-e-type=\"widget\" data-widget_type=\"divider.default\">\n\t\t\t\t<div class=\"elementor-widget-container\">\n\t\t\t\t\t\t\t<div class=\"elementor-divider\">\n\t\t\t<span class=\"elementor-divider-separator\">\n\t\t\t\t\t\t<\/span>\n\t\t<\/div>\n\t\t\t\t\t\t<\/div>\n\t\t\t\t<\/div>\n\t\t\t\t<div class=\"elementor-element elementor-element-2262929c elementor-widget elementor-widget-text-editor\" data-id=\"2262929c\" data-element_type=\"widget\" data-e-type=\"widget\" data-widget_type=\"text-editor.default\">\n\t\t\t\t<div class=\"elementor-widget-container\">\n\t\t\t\t\t\t\t\t\t<p>Le coll\u00e8ge Hippolyte BONOU est situ\u00e9 au Nord Est de la NOUVELLE CALEDONIE ,dans la commune de POUEBO .<\/p><p>Appartenant \u00e0 LA DDEC, l&rsquo;\u00e9tablissement accueille des \u00e9l\u00e8ves du Bassin Nord<\/p>\t\t\t\t\t\t\t\t<\/div>\n\t\t\t\t<\/div>\n\t\t\t\t\t<\/div>\n\t\t<\/div>\n\t\t\t\t\t<\/div>\n\t\t<\/section>\n\t\t\t\t<section class=\"elementor-section elementor-top-section elementor-element elementor-element-e06f2e5 elementor-section-content-middle elementor-section-boxed elementor-section-height-default elementor-section-height-default\" data-id=\"e06f2e5\" data-element_type=\"section\" data-e-type=\"section\">\n\t\t\t\t\t\t<div class=\"elementor-container elementor-column-gap-no\">\n\t\t\t\t\t<div class=\"elementor-column elementor-col-50 elementor-top-column elementor-element elementor-element-c7078aa animated-slow elementor-invisible\" data-id=\"c7078aa\" data-element_type=\"column\" data-e-type=\"column\" data-settings=\"{&quot;animation&quot;:&quot;fadeInRight&quot;}\">\n\t\t\t<div class=\"elementor-widget-wrap elementor-element-populated\">\n\t\t\t\t\t\t<div class=\"elementor-element elementor-element-af7b9a0 elementor-widget elementor-widget-heading\" data-id=\"af7b9a0\" data-element_type=\"widget\" data-e-type=\"widget\" data-widget_type=\"heading.default\">\n\t\t\t\t<div class=\"elementor-widget-container\">\n\t\t\t\t\t<h3 class=\"elementor-heading-title elementor-size-large\">etablissement<\/h3>\t\t\t\t<\/div>\n\t\t\t\t<\/div>\n\t\t\t\t<div class=\"elementor-element elementor-element-7ec3c22 elementor-widget-divider--view-line elementor-widget elementor-widget-divider\" data-id=\"7ec3c22\" data-element_type=\"widget\" data-e-type=\"widget\" data-widget_type=\"divider.default\">\n\t\t\t\t<div class=\"elementor-widget-container\">\n\t\t\t\t\t\t\t<div class=\"elementor-divider\">\n\t\t\t<span class=\"elementor-divider-separator\">\n\t\t\t\t\t\t<\/span>\n\t\t<\/div>\n\t\t\t\t\t\t<\/div>\n\t\t\t\t<\/div>\n\t\t\t\t<div class=\"elementor-element elementor-element-f728ee4 elementor-widget elementor-widget-text-editor\" data-id=\"f728ee4\" data-element_type=\"widget\" data-e-type=\"widget\" data-widget_type=\"text-editor.default\">\n\t\t\t\t<div class=\"elementor-widget-container\">\n\t\t\t\t\t\t\t\t\t<p>Au sein de l&rsquo;\u00e9tablissement, les axes fondamentaux qui tendent vers la r\u00e9ussite de l&rsquo;\u00e9l\u00e8ve sont l&rsquo;accueil et le partage.<\/p><p>Des valeurs primordiales que l&rsquo;\u00e9quipe tente de mettre en avant pour permettre \u00e0 chacun de s&rsquo;\u00e9panouir.<\/p>\t\t\t\t\t\t\t\t<\/div>\n\t\t\t\t<\/div>\n\t\t\t\t\t<\/div>\n\t\t<\/div>\n\t\t\t\t<div class=\"elementor-column elementor-col-50 elementor-top-column elementor-element elementor-element-fb89beb animated-slow elementor-invisible\" data-id=\"fb89beb\" data-element_type=\"column\" data-e-type=\"column\" data-settings=\"{&quot;background_background&quot;:&quot;classic&quot;,&quot;animation&quot;:&quot;fadeInLeft&quot;}\">\n\t\t\t<div class=\"elementor-widget-wrap elementor-element-populated\">\n\t\t\t\t\t\t<div class=\"elementor-element elementor-element-6eabbce elementor-widget elementor-widget-image\" data-id=\"6eabbce\" data-element_type=\"widget\" data-e-type=\"widget\" data-widget_type=\"image.default\">\n\t\t\t\t<div class=\"elementor-widget-container\">\n\t\t\t\t\t\t\t\t\t\t\t\t\t\t\t<img decoding=\"async\" width=\"800\" height=\"600\" src=\"https:\/\/cscpouebo.ddec.nc\/wp-content\/uploads\/2021\/07\/250E653E-CB66-4819-9594-95CBAA7E3C3F-1024x768.jpeg\" class=\"attachment-large size-large wp-image-1019\" alt=\"\" srcset=\"https:\/\/cscpouebo.ddec.nc\/wp-content\/uploads\/2021\/07\/250E653E-CB66-4819-9594-95CBAA7E3C3F-1024x768.jpeg 1024w, https:\/\/cscpouebo.ddec.nc\/wp-content\/uploads\/2021\/07\/250E653E-CB66-4819-9594-95CBAA7E3C3F-300x225.jpeg 300w, https:\/\/cscpouebo.ddec.nc\/wp-content\/uploads\/2021\/07\/250E653E-CB66-4819-9594-95CBAA7E3C3F-768x576.jpeg 768w, https:\/\/cscpouebo.ddec.nc\/wp-content\/uploads\/2021\/07\/250E653E-CB66-4819-9594-95CBAA7E3C3F-1536x1152.jpeg 1536w, https:\/\/cscpouebo.ddec.nc\/wp-content\/uploads\/2021\/07\/250E653E-CB66-4819-9594-95CBAA7E3C3F-2048x1536.jpeg 2048w\" sizes=\"(max-width: 800px) 100vw, 800px\" \/>\t\t\t\t\t\t\t\t\t\t\t\t\t\t\t<\/div>\n\t\t\t\t<\/div>\n\t\t\t\t\t<\/div>\n\t\t<\/div>\n\t\t\t\t\t<\/div>\n\t\t<\/section>\n\t\t\t\t<section class=\"elementor-section elementor-top-section elementor-element elementor-element-ffb4dd7 elementor-section-boxed elementor-section-height-default elementor-section-height-default\" data-id=\"ffb4dd7\" data-element_type=\"section\" data-e-type=\"section\">\n\t\t\t\t\t\t<div class=\"elementor-container elementor-column-gap-default\">\n\t\t\t\t\t<div class=\"elementor-column elementor-col-100 elementor-top-column elementor-element elementor-element-c7ee072\" data-id=\"c7ee072\" data-element_type=\"column\" data-e-type=\"column\">\n\t\t\t<div class=\"elementor-widget-wrap elementor-element-populated\">\n\t\t\t\t\t\t<div class=\"elementor-element elementor-element-c4dbb00 elementor-widget elementor-widget-heading\" data-id=\"c4dbb00\" data-element_type=\"widget\" data-e-type=\"widget\" data-widget_type=\"heading.default\">\n\t\t\t\t<div class=\"elementor-widget-container\">\n\t\t\t\t\t<h3 class=\"elementor-heading-title elementor-size-large\">actualites<\/h3>\t\t\t\t<\/div>\n\t\t\t\t<\/div>\n\t\t\t\t<div class=\"elementor-element elementor-element-ec5859a elementor-grid-3 elementor-grid-tablet-2 elementor-grid-mobile-1 elementor-posts--thumbnail-top elementor-card-shadow-yes elementor-posts__hover-gradient elementor-widget elementor-widget-posts\" data-id=\"ec5859a\" data-element_type=\"widget\" data-e-type=\"widget\" data-settings=\"{&quot;cards_columns&quot;:&quot;3&quot;,&quot;cards_columns_tablet&quot;:&quot;2&quot;,&quot;cards_columns_mobile&quot;:&quot;1&quot;,&quot;cards_row_gap&quot;:{&quot;unit&quot;:&quot;px&quot;,&quot;size&quot;:35,&quot;sizes&quot;:[]},&quot;cards_row_gap_tablet&quot;:{&quot;unit&quot;:&quot;px&quot;,&quot;size&quot;:&quot;&quot;,&quot;sizes&quot;:[]},&quot;cards_row_gap_mobile&quot;:{&quot;unit&quot;:&quot;px&quot;,&quot;size&quot;:&quot;&quot;,&quot;sizes&quot;:[]}}\" data-widget_type=\"posts.cards\">\n\t\t\t\t<div class=\"elementor-widget-container\">\n\t\t\t\t\t\t\t<div class=\"elementor-posts-container elementor-posts elementor-posts--skin-cards elementor-grid\" role=\"list\">\n\t\t\t\t<article class=\"elementor-post elementor-grid-item post-1150 post type-post status-publish format-standard has-post-thumbnail hentry category-bonou category-rivat\" role=\"listitem\">\n\t\t\t<div class=\"elementor-post__card\">\n\t\t\t\t<a class=\"elementor-post__thumbnail__link\" href=\"https:\/\/cscpouebo.ddec.nc\/index.php\/2022\/08\/31\/matinee-rando-course\/\" tabindex=\"-1\" ><div class=\"elementor-post__thumbnail\"><img decoding=\"async\" width=\"300\" height=\"225\" src=\"https:\/\/cscpouebo.ddec.nc\/wp-content\/uploads\/2022\/10\/rando-course-5-300x225.jpg\" class=\"attachment-medium size-medium wp-image-1147\" alt=\"\" srcset=\"https:\/\/cscpouebo.ddec.nc\/wp-content\/uploads\/2022\/10\/rando-course-5-300x225.jpg 300w, https:\/\/cscpouebo.ddec.nc\/wp-content\/uploads\/2022\/10\/rando-course-5-1024x768.jpg 1024w, https:\/\/cscpouebo.ddec.nc\/wp-content\/uploads\/2022\/10\/rando-course-5-768x576.jpg 768w, https:\/\/cscpouebo.ddec.nc\/wp-content\/uploads\/2022\/10\/rando-course-5-1536x1152.jpg 1536w, https:\/\/cscpouebo.ddec.nc\/wp-content\/uploads\/2022\/10\/rando-course-5.jpg 2048w\" sizes=\"(max-width: 300px) 100vw, 300px\" \/><\/div><\/a>\n\t\t\t\t<div class=\"elementor-post__badge\">BONOU<\/div>\n\t\t\t\t<div class=\"elementor-post__text\">\n\t\t\t\t<h3 class=\"elementor-post__title\">\n\t\t\t<a href=\"https:\/\/cscpouebo.ddec.nc\/index.php\/2022\/08\/31\/matinee-rando-course\/\" >\n\t\t\t\tMatin\u00e9e rando-course\t\t\t<\/a>\n\t\t<\/h3>\n\t\t\n\t\t<a class=\"elementor-post__read-more\" href=\"https:\/\/cscpouebo.ddec.nc\/index.php\/2022\/08\/31\/matinee-rando-course\/\" aria-label=\"En savoir plus sur Matin\u00e9e rando-course\" tabindex=\"-1\" >\n\t\t\tLire la suite \u00bb\t\t<\/a>\n\n\t\t\t\t<\/div>\n\t\t\t\t<div class=\"elementor-post__meta-data\">\n\t\t\t\t\t<span class=\"elementor-post-date\">\n\t\t\t31 ao\u00fbt 2022\t\t<\/span>\n\t\t\t\t<\/div>\n\t\t\t\t\t<\/div>\n\t\t<\/article>\n\t\t\t\t<article class=\"elementor-post elementor-grid-item post-1140 post type-post status-publish format-standard has-post-thumbnail hentry category-bonou\" role=\"listitem\">\n\t\t\t<div class=\"elementor-post__card\">\n\t\t\t\t<a class=\"elementor-post__thumbnail__link\" href=\"https:\/\/cscpouebo.ddec.nc\/index.php\/2021\/08\/30\/intervention-du-cie\/\" tabindex=\"-1\" ><div class=\"elementor-post__thumbnail\"><img loading=\"lazy\" decoding=\"async\" width=\"214\" height=\"300\" src=\"https:\/\/cscpouebo.ddec.nc\/wp-content\/uploads\/2021\/08\/2AA6015F-98D8-4DC1-9B79-71B8AF9C7677-214x300.png\" class=\"attachment-medium size-medium wp-image-1141\" alt=\"\" srcset=\"https:\/\/cscpouebo.ddec.nc\/wp-content\/uploads\/2021\/08\/2AA6015F-98D8-4DC1-9B79-71B8AF9C7677-214x300.png 214w, https:\/\/cscpouebo.ddec.nc\/wp-content\/uploads\/2021\/08\/2AA6015F-98D8-4DC1-9B79-71B8AF9C7677.png 617w\" sizes=\"(max-width: 214px) 100vw, 214px\" \/><\/div><\/a>\n\t\t\t\t<div class=\"elementor-post__badge\">BONOU<\/div>\n\t\t\t\t<div class=\"elementor-post__text\">\n\t\t\t\t<h3 class=\"elementor-post__title\">\n\t\t\t<a href=\"https:\/\/cscpouebo.ddec.nc\/index.php\/2021\/08\/30\/intervention-du-cie\/\" >\n\t\t\t\tIntervention du CIE\t\t\t<\/a>\n\t\t<\/h3>\n\t\t\n\t\t<a class=\"elementor-post__read-more\" href=\"https:\/\/cscpouebo.ddec.nc\/index.php\/2021\/08\/30\/intervention-du-cie\/\" aria-label=\"En savoir plus sur Intervention du CIE\" tabindex=\"-1\" >\n\t\t\tLire la suite \u00bb\t\t<\/a>\n\n\t\t\t\t<\/div>\n\t\t\t\t<div class=\"elementor-post__meta-data\">\n\t\t\t\t\t<span class=\"elementor-post-date\">\n\t\t\t30 ao\u00fbt 2021\t\t<\/span>\n\t\t\t\t<\/div>\n\t\t\t\t\t<\/div>\n\t\t<\/article>\n\t\t\t\t<article class=\"elementor-post elementor-grid-item post-1104 post type-post status-publish format-standard has-post-thumbnail hentry category-bonou\" role=\"listitem\">\n\t\t\t<div class=\"elementor-post__card\">\n\t\t\t\t<a class=\"elementor-post__thumbnail__link\" href=\"https:\/\/cscpouebo.ddec.nc\/index.php\/2021\/07\/14\/sortie-sofip\/\" tabindex=\"-1\" ><div class=\"elementor-post__thumbnail\"><img loading=\"lazy\" decoding=\"async\" width=\"300\" height=\"225\" src=\"https:\/\/cscpouebo.ddec.nc\/wp-content\/uploads\/2021\/07\/04D0E8DA-1AC5-411D-B892-671E332393A5-300x225.jpeg\" class=\"attachment-medium size-medium wp-image-1130\" alt=\"\" srcset=\"https:\/\/cscpouebo.ddec.nc\/wp-content\/uploads\/2021\/07\/04D0E8DA-1AC5-411D-B892-671E332393A5-300x225.jpeg 300w, https:\/\/cscpouebo.ddec.nc\/wp-content\/uploads\/2021\/07\/04D0E8DA-1AC5-411D-B892-671E332393A5-1024x768.jpeg 1024w, https:\/\/cscpouebo.ddec.nc\/wp-content\/uploads\/2021\/07\/04D0E8DA-1AC5-411D-B892-671E332393A5-768x576.jpeg 768w, https:\/\/cscpouebo.ddec.nc\/wp-content\/uploads\/2021\/07\/04D0E8DA-1AC5-411D-B892-671E332393A5-1536x1152.jpeg 1536w, https:\/\/cscpouebo.ddec.nc\/wp-content\/uploads\/2021\/07\/04D0E8DA-1AC5-411D-B892-671E332393A5-2048x1536.jpeg 2048w\" sizes=\"(max-width: 300px) 100vw, 300px\" \/><\/div><\/a>\n\t\t\t\t<div class=\"elementor-post__badge\">BONOU<\/div>\n\t\t\t\t<div class=\"elementor-post__text\">\n\t\t\t\t<h3 class=\"elementor-post__title\">\n\t\t\t<a href=\"https:\/\/cscpouebo.ddec.nc\/index.php\/2021\/07\/14\/sortie-sofip\/\" >\n\t\t\t\tSortie SOFIP\t\t\t<\/a>\n\t\t<\/h3>\n\t\t\n\t\t<a class=\"elementor-post__read-more\" href=\"https:\/\/cscpouebo.ddec.nc\/index.php\/2021\/07\/14\/sortie-sofip\/\" aria-label=\"En savoir plus sur Sortie SOFIP\" tabindex=\"-1\" >\n\t\t\tLire la suite \u00bb\t\t<\/a>\n\n\t\t\t\t<\/div>\n\t\t\t\t<div class=\"elementor-post__meta-data\">\n\t\t\t\t\t<span class=\"elementor-post-date\">\n\t\t\t14 juillet 2021\t\t<\/span>\n\t\t\t\t<\/div>\n\t\t\t\t\t<\/div>\n\t\t<\/article>\n\t\t\t\t<\/div>\n\t\t\n\t\t\t\t\t\t<\/div>\n\t\t\t\t<\/div>\n\t\t\t\t\t<\/div>\n\t\t<\/div>\n\t\t\t\t\t<\/div>\n\t\t<\/section>\n\t\t\t\t<\/div>\n\t\t","protected":false},"excerpt":{"rendered":"<p>Bienvenue au coll\u00e8ge Hippolyte Bonou Pr\u00e9sentation Le coll\u00e8ge Hippolyte BONOU est situ\u00e9 au Nord Est de la NOUVELLE CALEDONIE ,dans la commune de POUEBO .<\/p>\n","protected":false},"author":5,"featured_media":0,"parent":0,"menu_order":0,"comment_status":"closed","ping_status":"closed","template":"elementor_header_footer","meta":{"footnotes":""},"class_list":["post-670","page","type-page","status-publish","hentry"],"_links":{"self":[{"href":"https:\/\/cscpouebo.ddec.nc\/index.php\/wp-json\/wp\/v2\/pages\/670","targetHints":{"allow":["GET"]}}],"collection":[{"href":"https:\/\/cscpouebo.ddec.nc\/index.php\/wp-json\/wp\/v2\/pages"}],"about":[{"href":"https:\/\/cscpouebo.ddec.nc\/index.php\/wp-json\/wp\/v2\/types\/page"}],"author":[{"embeddable":true,"href":"https:\/\/cscpouebo.ddec.nc\/index.php\/wp-json\/wp\/v2\/users\/5"}],"replies":[{"embeddable":true,"href":"https:\/\/cscpouebo.ddec.nc\/index.php\/wp-json\/wp\/v2\/comments?post=670"}],"version-history":[{"count":14,"href":"https:\/\/cscpouebo.ddec.nc\/index.php\/wp-json\/wp\/v2\/pages\/670\/revisions"}],"predecessor-version":[{"id":1022,"href":"https:\/\/cscpouebo.ddec.nc\/index.php\/wp-json\/wp\/v2\/pages\/670\/revisions\/1022"}],"wp:attachment":[{"href":"https:\/\/cscpouebo.ddec.nc\/index.php\/wp-json\/wp\/v2\/media?parent=670"}],"curies":[{"name":"wp","href":"https:\/\/api.w.org\/{rel}","templated":true}]}}